{"id":5263,"date":"2026-02-02T13:22:34","date_gmt":"2026-02-02T13:22:34","guid":{"rendered":"https:\/\/vandy.pro\/?page_id=5263"},"modified":"2026-03-13T12:58:19","modified_gmt":"2026-03-13T12:58:19","slug":"doskonalosc-operacyjna-i-wykorzystanie-aktywow","status":"publish","type":"page","link":"https:\/\/vandy.pro\/pl\/campaign\/doskonalosc-operacyjna-i-wykorzystanie-aktywow\/","title":{"rendered":"Doskona\u0142o\u015b\u0107 operacyjna i wykorzystanie aktyw\u00f3w"},"content":{"rendered":"","protected":false},"excerpt":{"rendered":"","protected":false},"author":6,"featured_media":0,"parent":6047,"menu_order":0,"comment_status":"closed","ping_status":"closed","template":"","meta":{"_acf_changed":false,"footnotes":""},"class_list":["post-5263","page","type-page","status-publish","hentry"],"acf":[],"_links":{"self":[{"href":"https:\/\/vandy.pro\/pl\/wp-json\/wp\/v2\/pages\/5263","targetHints":{"allow":["GET"]}}],"collection":[{"href":"https:\/\/vandy.pro\/pl\/wp-json\/wp\/v2\/pages"}],"about":[{"href":"https:\/\/vandy.pro\/pl\/wp-json\/wp\/v2\/types\/page"}],"author":[{"embeddable":true,"href":"https:\/\/vandy.pro\/pl\/wp-json\/wp\/v2\/users\/6"}],"replies":[{"embeddable":true,"href":"https:\/\/vandy.pro\/pl\/wp-json\/wp\/v2\/comments?post=5263"}],"version-history":[{"count":16,"href":"https:\/\/vandy.pro\/pl\/wp-json\/wp\/v2\/pages\/5263\/revisions"}],"predecessor-version":[{"id":6356,"href":"https:\/\/vandy.pro\/pl\/wp-json\/wp\/v2\/pages\/5263\/revisions\/6356"}],"up":[{"embeddable":true,"href":"https:\/\/vandy.pro\/pl\/wp-json\/wp\/v2\/pages\/6047"}],"wp:attachment":[{"href":"https:\/\/vandy.pro\/pl\/wp-json\/wp\/v2\/media?parent=5263"}],"curies":[{"name":"wp","href":"https:\/\/api.w.org\/{rel}","templated":true}]}}