{"id":5314,"date":"2026-02-02T13:39:51","date_gmt":"2026-02-02T13:39:51","guid":{"rendered":"https:\/\/vandy.pro\/?page_id=5314"},"modified":"2026-03-13T12:53:54","modified_gmt":"2026-03-13T12:53:54","slug":"gestion-des-risques-et-aide-a-la-decision-intelligence-decisionnelle","status":"publish","type":"page","link":"https:\/\/vandy.pro\/fr\/campaign\/gestion-des-risques-et-aide-a-la-decision-intelligence-decisionnelle\/","title":{"rendered":"Gestion des risques et aide \u00e0 la d\u00e9cision Intelligence d\u00e9cisionnelle"},"content":{"rendered":"","protected":false},"excerpt":{"rendered":"","protected":false},"author":6,"featured_media":0,"parent":6050,"menu_order":0,"comment_status":"closed","ping_status":"closed","template":"","meta":{"_acf_changed":false,"footnotes":""},"class_list":["post-5314","page","type-page","status-publish","hentry"],"acf":[],"_links":{"self":[{"href":"https:\/\/vandy.pro\/fr\/wp-json\/wp\/v2\/pages\/5314","targetHints":{"allow":["GET"]}}],"collection":[{"href":"https:\/\/vandy.pro\/fr\/wp-json\/wp\/v2\/pages"}],"about":[{"href":"https:\/\/vandy.pro\/fr\/wp-json\/wp\/v2\/types\/page"}],"author":[{"embeddable":true,"href":"https:\/\/vandy.pro\/fr\/wp-json\/wp\/v2\/users\/6"}],"replies":[{"embeddable":true,"href":"https:\/\/vandy.pro\/fr\/wp-json\/wp\/v2\/comments?post=5314"}],"version-history":[{"count":10,"href":"https:\/\/vandy.pro\/fr\/wp-json\/wp\/v2\/pages\/5314\/revisions"}],"predecessor-version":[{"id":6394,"href":"https:\/\/vandy.pro\/fr\/wp-json\/wp\/v2\/pages\/5314\/revisions\/6394"}],"up":[{"embeddable":true,"href":"https:\/\/vandy.pro\/fr\/wp-json\/wp\/v2\/pages\/6050"}],"wp:attachment":[{"href":"https:\/\/vandy.pro\/fr\/wp-json\/wp\/v2\/media?parent=5314"}],"curies":[{"name":"wp","href":"https:\/\/api.w.org\/{rel}","templated":true}]}}