{"id":1155,"date":"2025-08-07T09:31:40","date_gmt":"2025-08-07T09:31:40","guid":{"rendered":"https:\/\/vandy.pro\/?page_id=1155"},"modified":"2025-08-07T09:31:43","modified_gmt":"2025-08-07T09:31:43","slug":"contact","status":"publish","type":"page","link":"https:\/\/vandy.pro\/fr\/contact\/","title":{"rendered":"Contact"},"content":{"rendered":"<p>Vous avez des questions ou souhaitez en savoir plus ? Notre \u00e9quipe est heureuse de vous aider. Que vous soyez curieux \u00e0 propos de nos solutions, que vous ayez besoin d&rsquo;assistance ou que vous souhaitiez devenir partenaire\/ revendeur, n&rsquo;h\u00e9sitez pas \u00e0 nous contacter. Remplissez le formulaire ci-dessous et nous reviendrons vers vous dans les plus brefs d\u00e9lais.<\/p>\n","protected":false},"excerpt":{"rendered":"<p>Vous avez des questions ou souhaitez en savoir plus ? Notre \u00e9quipe est heureuse de vous aider. Que vous soyez curieux \u00e0 propos de nos solutions, que vous ayez besoin d&rsquo;assistance ou que vous souhaitiez devenir partenaire\/ revendeur, n&rsquo;h\u00e9sitez pas \u00e0 nous contacter. Remplissez le formulaire ci-dessous et nous reviendrons vers vous dans les plus [&hellip;]<\/p>\n","protected":false},"author":1,"featured_media":0,"parent":0,"menu_order":0,"comment_status":"closed","ping_status":"closed","template":"","meta":{"_acf_changed":false,"footnotes":""},"class_list":["post-1155","page","type-page","status-publish","hentry"],"acf":[],"_links":{"self":[{"href":"https:\/\/vandy.pro\/fr\/wp-json\/wp\/v2\/pages\/1155","targetHints":{"allow":["GET"]}}],"collection":[{"href":"https:\/\/vandy.pro\/fr\/wp-json\/wp\/v2\/pages"}],"about":[{"href":"https:\/\/vandy.pro\/fr\/wp-json\/wp\/v2\/types\/page"}],"author":[{"embeddable":true,"href":"https:\/\/vandy.pro\/fr\/wp-json\/wp\/v2\/users\/1"}],"replies":[{"embeddable":true,"href":"https:\/\/vandy.pro\/fr\/wp-json\/wp\/v2\/comments?post=1155"}],"version-history":[{"count":2,"href":"https:\/\/vandy.pro\/fr\/wp-json\/wp\/v2\/pages\/1155\/revisions"}],"predecessor-version":[{"id":1157,"href":"https:\/\/vandy.pro\/fr\/wp-json\/wp\/v2\/pages\/1155\/revisions\/1157"}],"wp:attachment":[{"href":"https:\/\/vandy.pro\/fr\/wp-json\/wp\/v2\/media?parent=1155"}],"curies":[{"name":"wp","href":"https:\/\/api.w.org\/{rel}","templated":true}]}}